{"id":5114,"date":"2025-08-06T16:47:47","date_gmt":"2025-08-06T16:47:47","guid":{"rendered":"https:\/\/holiroots.com\/actualites\/"},"modified":"2026-04-29T09:30:34","modified_gmt":"2026-04-29T09:30:34","slug":"actualites","status":"publish","type":"page","link":"https:\/\/holiroots.com\/fr\/actualites\/","title":{"rendered":"Actualit\u00e9s"},"content":{"rendered":"<div class=\"et_pb_section_0 et_pb_section et_section_regular et_flex_section\">\n<div class=\"et_pb_row_0 et_pb_row et_flex_row\">\n<div class=\"et_pb_column_0 et_pb_column et-last-child et_flex_column et_pb_css_mix_blend_mode_passthrough et_flex_column_2_5 et_flex_column_2_5_tablet et_flex_column_2_5_phone et_flex_column_12_24_phoneWide\">\n<div class=\"et_pb_image_0 et_pb_image et_pb_module et_block_module\"><span class=\"et_pb_image_wrap\"><img loading=\"lazy\" decoding=\"async\" src=\"https:\/\/holiroots.com\/wp-content\/uploads\/2025\/09\/HR_Bio-Logo_Banner_2.png\" width=\"927\" height=\"556\" srcset=\"https:\/\/holiroots.com\/wp-content\/uploads\/2025\/09\/HR_Bio-Logo_Banner_2.png 927w, https:\/\/holiroots.com\/wp-content\/uploads\/2025\/09\/HR_Bio-Logo_Banner_2-480x288.png 480w\" sizes=\"(min-width: 0px) and (max-width: 480px) 480px, (min-width: 481px) 927px, 100vw\" class=\"wp-image-4311\" title=\"HR_Bio-Logo_Banner_2\" \/><\/span><\/div>\n<\/div>\n<\/div>\n\n<div class=\"et_pb_row_1 et_pb_row et_flex_row\">\n<div class=\"et_pb_column_1 et_pb_column et-last-child et_flex_column et_pb_css_mix_blend_mode_passthrough et_flex_column_24_24 et_flex_column_24_24_tablet et_flex_column_24_24_phone et_flex_column_24_24_phoneWide\">\n<div class=\"et_pb_text_0 et_pb_text et_pb_bg_layout_light et_pb_module et_block_module\"><div class=\"et_pb_text_inner\" data-et-mv-hidden-tablet=\"true\"><h1 class=\"et_pb_module_header\" data-et-vb-editable-element=\"true\" contenteditable=\"true\" spellcheck=\"false\" data-gramm=\"false\">Des actualit<strong>\u00c9<\/strong>s<br \/>croustillantes<br \/>de Holiroots<\/h1>\n<\/div><\/div>\n<\/div>\n<\/div>\n<\/div>\n\n<div class=\"et_pb_section_1 et_pb_section et_section_regular et_flex_section\">\n<div class=\"et_pb_row_2 et_pb_row et_flex_row\">\n<div class=\"et_pb_column_2 et_pb_column et-last-child et_flex_column et_pb_css_mix_blend_mode_passthrough et_flex_column_24_24 et_flex_column_24_24_tablet et_flex_column_24_24_phone et_flex_column_24_24_phoneWide\">\n<div class=\"et_pb_group_0 et_pb_group et_pb_module et_flex_group et_pb_css_mix_blend_mode_passthrough\">\n<div class=\"et_pb_image_1 et_pb_image et_pb_module et_block_module\"><span class=\"et_pb_image_wrap\"><img loading=\"lazy\" decoding=\"async\" src=\"https:\/\/holiroots.com\/wp-content\/uploads\/2025\/08\/HR_USPs_BIO.png\" width=\"209\" height=\"203\" srcset=\"https:\/\/holiroots.com\/wp-content\/uploads\/2025\/08\/HR_USPs_BIO.png 209w\" sizes=\"(max-width: 209px) 100vw, 209px\" class=\"wp-image-108\" title=\"HR_USPs_BIO\" \/><\/span><\/div>\n\n<div class=\"et_pb_image_2 et_pb_image et_pb_module et_block_module\"><span class=\"et_pb_image_wrap\"><img loading=\"lazy\" decoding=\"async\" src=\"https:\/\/holiroots.com\/wp-content\/uploads\/2025\/12\/Holiroots-FR-30-Legumes-\u2013-Teneur-Elevee-en-Legumes-1.png\" width=\"1081\" height=\"718\" srcset=\"https:\/\/holiroots.com\/wp-content\/uploads\/2025\/12\/Holiroots-FR-30-Legumes-\u2013-Teneur-Elevee-en-Legumes-1.png 1081w, https:\/\/holiroots.com\/wp-content\/uploads\/2025\/12\/Holiroots-FR-30-Legumes-\u2013-Teneur-Elevee-en-Legumes-1-300x199.png 300w, https:\/\/holiroots.com\/wp-content\/uploads\/2025\/12\/Holiroots-FR-30-Legumes-\u2013-Teneur-Elevee-en-Legumes-1-1024x680.png 1024w, https:\/\/holiroots.com\/wp-content\/uploads\/2025\/12\/Holiroots-FR-30-Legumes-\u2013-Teneur-Elevee-en-Legumes-1-768x510.png 768w, https:\/\/holiroots.com\/wp-content\/uploads\/2025\/12\/Holiroots-FR-30-Legumes-\u2013-Teneur-Elevee-en-Legumes-1-980x651.png 980w, https:\/\/holiroots.com\/wp-content\/uploads\/2025\/12\/Holiroots-FR-30-Legumes-\u2013-Teneur-Elevee-en-Legumes-1-480x319.png 480w\" sizes=\"(max-width: 1081px) 100vw, 1081px\" class=\"wp-image-5262\" title=\"Holiroots_Gemueseanteil\" \/><\/span><\/div>\n\n<div class=\"et_pb_image_3 et_pb_image et_pb_module et_block_module\"><span class=\"et_pb_image_wrap\"><img loading=\"lazy\" decoding=\"async\" src=\"https:\/\/holiroots.com\/wp-content\/uploads\/2025\/12\/Holiroots-FR-Source-de-Fibres-\u2013-Allegation-Nutritionnelle-1.png\" width=\"209\" height=\"203\" srcset=\"https:\/\/holiroots.com\/wp-content\/uploads\/2025\/12\/Holiroots-FR-Source-de-Fibres-\u2013-Allegation-Nutritionnelle-1.png 209w\" sizes=\"(max-width: 209px) 100vw, 209px\" class=\"wp-image-5264\" title=\"HR_USPs_Ballaststoff-Quelle\" \/><\/span><\/div>\n\n<div class=\"et_pb_image_4 et_pb_image et_pb_module et_block_module\"><span class=\"et_pb_image_wrap\"><img loading=\"lazy\" decoding=\"async\" src=\"https:\/\/holiroots.com\/wp-content\/uploads\/2025\/08\/HR_USPs_NutriScore.png\" width=\"209\" height=\"203\" srcset=\"https:\/\/holiroots.com\/wp-content\/uploads\/2025\/08\/HR_USPs_NutriScore.png 209w\" sizes=\"(max-width: 209px) 100vw, 209px\" class=\"wp-image-110\" title=\"HR_USPs_NutriScore\" \/><\/span><\/div>\n\n<div class=\"et_pb_image_5 et_pb_image et_pb_module et_block_module\"><span class=\"et_pb_image_wrap\"><img loading=\"lazy\" decoding=\"async\" src=\"https:\/\/holiroots.com\/wp-content\/uploads\/2025\/08\/HR_USPs_Palm-Oil-Free.png\" width=\"209\" height=\"203\" srcset=\"https:\/\/holiroots.com\/wp-content\/uploads\/2025\/08\/HR_USPs_Palm-Oil-Free.png 209w\" sizes=\"(max-width: 209px) 100vw, 209px\" class=\"wp-image-111\" title=\"HR_USPs_Palm-Oil-Free\" \/><\/span><\/div>\n<\/div>\n\n<div class=\"et_pb_text_1 et_pb_text et_pb_bg_layout_light et_clickable et_pb_module et_flex_module\"><div class=\"et_pb_text_inner\" data-et-mv-hidden-tablet=\"true\" data-et-mv-hidden-phone=\"true\"><h2 style=\"text-align: center;\">\u2013 <span class=\"Y2IQFc\" lang=\"fr\">AVEC DES L<strong>\u00c9<\/strong>GUMES SAUV<strong>\u00c9<\/strong>S<\/span><span class=\"Y2IQFc\" lang=\"nl\">\u00a0<\/span>\u2013<\/h2>\n<\/div><\/div>\n<\/div>\n<\/div>\n<\/div>\n\n<div class=\"et_pb_section_2 et_pb_section et_section_regular et_flex_section section_has_divider et_pb_top_divider et_pb_bottom_divider\"><div class=\"et_pb_top_inside_divider et-no-transition\"><\/div>\n<div class=\"et_pb_row_3 et_pb_row et_flex_row\">\n<div class=\"et_pb_column_3 et_pb_column et-last-child et_flex_column et_pb_css_mix_blend_mode_passthrough et_flex_column_24_24 et_flex_column_24_24_tablet et_flex_column_24_24_phone et_flex_column_24_24_phoneWide\">\n<div class=\"et_pb_group_1 et_pb_group et_pb_module et_flex_group et_pb_css_mix_blend_mode_passthrough\">\n<div class=\"et_pb_text_2 et_pb_text et_pb_bg_layout_light et_pb_module et_block_module\"><div class=\"et_pb_text_inner\"><h2 class=\"p1\" style=\"text-align: center;\">Tu es partenaire commercial ou marketing ?<\/h2>\n<\/div><\/div>\n\n<div class=\"et_pb_text_3 et_pb_text et_pb_bg_layout_light et_pb_module et_block_module\"><div class=\"et_pb_text_inner\"><h3 class=\"p1\" style=\"text-align: center;\">Alors, procure-toi ici notre <strong>mat\u00e9riel de marque Holi&nbsp;:<\/strong><br \/>logos, images de produits et bien plus encore \u2013 le tout pr\u00eat \u00e0 \u00eatre t\u00e9l\u00e9charg\u00e9.<\/h3>\n<\/div><\/div>\n\n<div class=\"et_pb_module et_pb_button_module_wrapper et_pb_button_0_wrapper\"><a class=\"et_pb_button_0 et_pb_button et_pb_bg_layout_light et_pb_module et_block_module\" href=\"https:\/\/www.dropbox.com\/scl\/fo\/bpyi3lchzj4sj3xbsn0ay\/AGzxWta_BNhJv4lu72_Ey3c?rlkey=b6pu0sbcc4fdkemua347kirko&#038;st=u50y0fk5&#038;dl=0\" target=\"_blank\" data-icon=\"5\" rel=\"noopener\">T\u00c9L\u00c9CHARGEMENT DU MAT\u00c9RIEL DE MARQUE HOLI<\/a><\/div>\n<\/div>\n\n<div class=\"et_pb_group_2 et_pb_group et-last-child et_pb_module et_flex_group et_pb_css_mix_blend_mode_passthrough\">\n<div class=\"et_pb_text_4 et_pb_text et_pb_bg_layout_light et_pb_module et_block_module\"><div class=\"et_pb_text_inner\"><h3 class=\"p1\" style=\"text-align: center;\"><strong>Il te manque quelque chose&nbsp;?<\/strong><\/h3>\n<p style=\"text-align: center;\">\u00c9cris-nous \u00e0 <strong data-start=\"739\" data-end=\"762\"><a data-start=\"741\" data-end=\"760\" rel=\"noopener\" href=\"mailto:hello@holiroots.com\" target=\"_blank\">hello@holiroots.com<\/a><\/strong> ou \u00e0 <strong data-start=\"768\" data-end=\"790\"><a data-start=\"770\" data-end=\"788\" rel=\"noopener\" href=\"mailto:team@holiroots.com\" target=\"_blank\">team@holiroots.com<\/a><\/strong><\/p>\n<\/div><\/div>\n<\/div>\n<\/div>\n<\/div>\n<div class=\"et_pb_bottom_inside_divider et-no-transition\"><\/div><\/div>\n\n<div class=\"et_pb_section_3 et_pb_section et_section_regular et_flex_section\">\n<div class=\"et_pb_row_4 et_pb_row et_flex_row\">\n<div class=\"et_pb_column_4 et_pb_column et-last-child et_flex_column et_pb_css_mix_blend_mode_passthrough et_flex_column_24_24 et_flex_column_24_24_tablet et_flex_column_24_24_phone et_flex_column_24_24_phoneWide\">\n<div class=\"et_pb_blog_0 et_pb_blog et_pb_bg_layout_light et_pb_posts et_pb_module\"><div class=\"entry\">\n\t<h1 class=\"not-found-title\">No Results Found<\/h1>\n\t<p>The page you requested could not be found. Try refining your search, or use the navigation above to locate the post.<\/p>\n<\/div>\n<\/div>\n<\/div>\n<\/div>\n<\/div>\n\n<div class=\"et_pb_section_4 et_pb_section et_section_regular et_flex_section\"><\/div>","protected":false},"excerpt":{"rendered":"","protected":false},"author":1,"featured_media":0,"parent":0,"menu_order":0,"comment_status":"closed","ping_status":"closed","template":"","meta":{"footnotes":""},"class_list":["post-5114","page","type-page","status-publish","hentry"],"_links":{"self":[{"href":"https:\/\/holiroots.com\/fr\/wp-json\/wp\/v2\/pages\/5114","targetHints":{"allow":["GET"]}}],"collection":[{"href":"https:\/\/holiroots.com\/fr\/wp-json\/wp\/v2\/pages"}],"about":[{"href":"https:\/\/holiroots.com\/fr\/wp-json\/wp\/v2\/types\/page"}],"author":[{"embeddable":true,"href":"https:\/\/holiroots.com\/fr\/wp-json\/wp\/v2\/users\/1"}],"replies":[{"embeddable":true,"href":"https:\/\/holiroots.com\/fr\/wp-json\/wp\/v2\/comments?post=5114"}],"version-history":[{"count":6,"href":"https:\/\/holiroots.com\/fr\/wp-json\/wp\/v2\/pages\/5114\/revisions"}],"predecessor-version":[{"id":5494,"href":"https:\/\/holiroots.com\/fr\/wp-json\/wp\/v2\/pages\/5114\/revisions\/5494"}],"wp:attachment":[{"href":"https:\/\/holiroots.com\/fr\/wp-json\/wp\/v2\/media?parent=5114"}],"curies":[{"name":"wp","href":"https:\/\/api.w.org\/{rel}","templated":true}]}}